{"id":9,"date":"2019-12-06T09:21:25","date_gmt":"2019-12-06T09:21:25","guid":{"rendered":"http:\/\/kowalczykkancelaria.pl\/?page_id=9"},"modified":"2019-12-18T16:01:04","modified_gmt":"2019-12-18T16:01:04","slug":"radca-prawny","status":"publish","type":"page","link":"https:\/\/kowalczykkancelaria.pl\/index.php\/radca-prawny\/","title":{"rendered":"Zesp\u00f3\u0142"},"content":{"rendered":"\t\t<div data-elementor-type=\"wp-page\" data-elementor-id=\"9\" class=\"elementor elementor-9\" data-elementor-settings=\"[]\">\n\t\t\t<div class=\"elementor-inner\">\n\t\t\t\t<div class=\"elementor-section-wrap\">\n\t\t\t\t\t\t\t<section class=\"elementor-element elementor-element-e3f6cfe elementor-section-boxed elementor-section-height-default elementor-section-height-default elementor-section elementor-top-section\" data-id=\"e3f6cfe\" data-element_type=\"section\">\n\t\t\t\t\t\t<div class=\"elementor-container elementor-column-gap-default\">\n\t\t\t\t<div class=\"elementor-row\">\n\t\t\t\t<div class=\"elementor-element elementor-element-1bd4913 elementor-column elementor-col-50 elementor-top-column\" data-id=\"1bd4913\" data-element_type=\"column\">\n\t\t\t<div class=\"elementor-column-wrap  elementor-element-populated\">\n\t\t\t\t\t<div class=\"elementor-widget-wrap\">\n\t\t\t\t<div class=\"elementor-element elementor-element-0e302dc elementor-widget elementor-widget-text-editor\" data-id=\"0e302dc\" data-element_type=\"widget\" data-widget_type=\"text-editor.default\">\n\t\t\t\t<div class=\"elementor-widget-container\">\n\t\t\t\t\t<div class=\"elementor-text-editor elementor-clearfix\"><p style=\"text-align: justify;\">Radca prawny Rafa\u0142 Kowalczyk uko\u0144czy\u0142 studia prawnicze na Uniwersytecie im. Adama Mickiewicza w Poznaniu oraz odby\u0142 aplikacj\u0119 radcowsk\u0105 w Okr\u0119gowej Izbie Radc\u00f3w Prawnych w Poznaniu<\/p><p style=\"text-align: justify;\">Do\u015bwiadczenie zdobywa\u0142 zar\u00f3wno w kancelariach radcowskich, adwokackich, jak\u00a0i\u00a0w\u00a0Wielkopolskim Urz\u0119dzie Wojew\u00f3dzkim w Poznaniu oraz w pa\u0144stwowej uczelni wy\u017cszej.<\/p><p style=\"text-align: justify;\">Prawnik specjalizuj\u0105cy si\u0119 w sprawach zwi\u0105zanych z dochodzeniem roszcze\u0144. Specjalista w\u00a0zakresie prawa cywilnego i post\u0119powania cywilnego. Prowadzi\u0142 wiele proces\u00f3w s\u0105dowych reprezentuj\u0105c zar\u00f3wno powod\u00f3w jak i pozwanych.<\/p><p>Rafa\u0142 Kowalczyk radca prawny<\/p><\/div>\n\t\t\t\t<\/div>\n\t\t\t\t<\/div>\n\t\t\t\t\t\t<\/div>\n\t\t\t<\/div>\n\t\t<\/div>\n\t\t\t\t<div class=\"elementor-element elementor-element-084c1bb elementor-column elementor-col-50 elementor-top-column\" data-id=\"084c1bb\" data-element_type=\"column\">\n\t\t\t<div class=\"elementor-column-wrap  elementor-element-populated\">\n\t\t\t\t\t<div class=\"elementor-widget-wrap\">\n\t\t\t\t<div class=\"elementor-element elementor-element-5912e36 elementor-widget elementor-widget-image\" data-id=\"5912e36\" data-element_type=\"widget\" data-widget_type=\"image.default\">\n\t\t\t\t<div class=\"elementor-widget-container\">\n\t\t\t\t\t<div class=\"elementor-image\">\n\t\t\t\t\t\t\t\t\t\t<img width=\"225\" height=\"300\" src=\"https:\/\/kowalczykkancelaria.pl\/wp-content\/uploads\/2019\/12\/zdj\u0119cie-225x300.jpg\" class=\"attachment-medium size-medium\" alt=\"\" loading=\"lazy\" srcset=\"https:\/\/kowalczykkancelaria.pl\/wp-content\/uploads\/2019\/12\/zdj\u0119cie-225x300.jpg 225w, https:\/\/kowalczykkancelaria.pl\/wp-content\/uploads\/2019\/12\/zdj\u0119cie-768x1024.jpg 768w, https:\/\/kowalczykkancelaria.pl\/wp-content\/uploads\/2019\/12\/zdj\u0119cie-624x832.jpg 624w, https:\/\/kowalczykkancelaria.pl\/wp-content\/uploads\/2019\/12\/zdj\u0119cie.jpg 901w\" sizes=\"(max-width: 225px) 100vw, 225px\" \/>\t\t\t\t\t\t\t\t\t\t\t<\/div>\n\t\t\t\t<\/div>\n\t\t\t\t<\/div>\n\t\t\t\t\t\t<\/div>\n\t\t\t<\/div>\n\t\t<\/div>\n\t\t\t\t\t\t<\/div>\n\t\t\t<\/div>\n\t\t<\/section>\n\t\t\t\t\t\t<\/div>\n\t\t\t<\/div>\n\t\t<\/div>\n\t\t","protected":false},"excerpt":{"rendered":"<p>Radca prawny Rafa\u0142 Kowalczyk uko\u0144czy\u0142 studia prawnicze na Uniwersytecie im. Adama Mickiewicza w Poznaniu oraz odby\u0142 aplikacj\u0119 radcowsk\u0105 w Okr\u0119gowej Izbie Radc\u00f3w Prawnych w Poznaniu Do\u015bwiadczenie zdobywa\u0142 zar\u00f3wno w kancelariach radcowskich, adwokackich, jak&nbsp;i&nbsp;w&nbsp;Wielkopolskim Urz\u0119dzie Wojew\u00f3dzkim w Poznaniu oraz w pa\u0144stwowej uczelni wy\u017cszej. Prawnik specjalizuj\u0105cy si\u0119 w sprawach zwi\u0105zanych z dochodzeniem roszcze\u0144. Specjalista w&nbsp;zakresie prawa cywilnego [&hellip;]<\/p>\n","protected":false},"author":1,"featured_media":0,"parent":0,"menu_order":0,"comment_status":"closed","ping_status":"closed","template":"","meta":[],"_links":{"self":[{"href":"https:\/\/kowalczykkancelaria.pl\/index.php\/wp-json\/wp\/v2\/pages\/9"}],"collection":[{"href":"https:\/\/kowalczykkancelaria.pl\/index.php\/wp-json\/wp\/v2\/pages"}],"about":[{"href":"https:\/\/kowalczykkancelaria.pl\/index.php\/wp-json\/wp\/v2\/types\/page"}],"author":[{"embeddable":true,"href":"https:\/\/kowalczykkancelaria.pl\/index.php\/wp-json\/wp\/v2\/users\/1"}],"replies":[{"embeddable":true,"href":"https:\/\/kowalczykkancelaria.pl\/index.php\/wp-json\/wp\/v2\/comments?post=9"}],"version-history":[{"count":8,"href":"https:\/\/kowalczykkancelaria.pl\/index.php\/wp-json\/wp\/v2\/pages\/9\/revisions"}],"predecessor-version":[{"id":218,"href":"https:\/\/kowalczykkancelaria.pl\/index.php\/wp-json\/wp\/v2\/pages\/9\/revisions\/218"}],"wp:attachment":[{"href":"https:\/\/kowalczykkancelaria.pl\/index.php\/wp-json\/wp\/v2\/media?parent=9"}],"curies":[{"name":"wp","href":"https:\/\/api.w.org\/{rel}","templated":true}]}}