{"id":7,"date":"2019-12-06T09:20:32","date_gmt":"2019-12-06T09:20:32","guid":{"rendered":"http:\/\/kowalczykkancelaria.pl\/?page_id=7"},"modified":"2021-03-09T12:54:47","modified_gmt":"2021-03-09T12:54:47","slug":"kontakt","status":"publish","type":"page","link":"https:\/\/kowalczykkancelaria.pl\/index.php\/kontakt\/","title":{"rendered":"Kontakt"},"content":{"rendered":"\t\t<div data-elementor-type=\"wp-page\" data-elementor-id=\"7\" class=\"elementor elementor-7\" data-elementor-settings=\"[]\">\n\t\t\t<div class=\"elementor-inner\">\n\t\t\t\t<div class=\"elementor-section-wrap\">\n\t\t\t\t\t\t\t<section class=\"elementor-element elementor-element-3a0e32b elementor-section-boxed elementor-section-height-default elementor-section-height-default elementor-section elementor-top-section\" data-id=\"3a0e32b\" data-element_type=\"section\">\n\t\t\t\t\t\t<div class=\"elementor-container elementor-column-gap-default\">\n\t\t\t\t<div class=\"elementor-row\">\n\t\t\t\t<div class=\"elementor-element elementor-element-7f8167d elementor-column elementor-col-50 elementor-top-column\" data-id=\"7f8167d\" data-element_type=\"column\">\n\t\t\t<div class=\"elementor-column-wrap  elementor-element-populated\">\n\t\t\t\t\t<div class=\"elementor-widget-wrap\">\n\t\t\t\t<div class=\"elementor-element elementor-element-a3f59df elementor-widget elementor-widget-text-editor\" data-id=\"a3f59df\" data-element_type=\"widget\" data-widget_type=\"text-editor.default\">\n\t\t\t\t<div class=\"elementor-widget-container\">\n\t\t\t\t\t<div class=\"elementor-text-editor elementor-clearfix\"><p style=\"font-weight: 400;\">Kancelaria Radcy Prawnego Rafa\u0142 Kowalczyk<\/p>\n<p style=\"font-weight: 400;\">Plac Wolno\u015bci 18<\/p>\n<p style=\"font-weight: 400;\">61-739 Pozna\u0144<\/p>\n<p style=\"font-weight: 400;\">Tel. +48 501\u00a0310 488<\/p>\n<p style=\"text-align: justify;\"><a class=\"cshero-box-title-label\" href=\"mailto:biuro@kowalczykkancelaria.pl\">biuro@kowalczykkancelaria.pl<\/a><\/p><\/div>\n\t\t\t\t<\/div>\n\t\t\t\t<\/div>\n\t\t\t\t\t\t<\/div>\n\t\t\t<\/div>\n\t\t<\/div>\n\t\t\t\t<div class=\"elementor-element elementor-element-19e778e elementor-column elementor-col-50 elementor-top-column\" data-id=\"19e778e\" data-element_type=\"column\">\n\t\t\t<div class=\"elementor-column-wrap  elementor-element-populated\">\n\t\t\t\t\t<div class=\"elementor-widget-wrap\">\n\t\t\t\t<div class=\"elementor-element elementor-element-648cf48 elementor-widget elementor-widget-google_maps\" data-id=\"648cf48\" data-element_type=\"widget\" data-widget_type=\"google_maps.default\">\n\t\t\t\t<div class=\"elementor-widget-container\">\n\t\t\t<div class=\"elementor-custom-embed\"><iframe frameborder=\"0\" scrolling=\"no\" marginheight=\"0\" marginwidth=\"0\" src=\"https:\/\/maps.google.com\/maps?q=ul.%20Jana%20Paw%C5%82a%20II%2014%2F138%20%2061-139%20Pozna&amp;t=m&amp;z=10&amp;output=embed&amp;iwloc=near\" aria-label=\"ul. Jana Paw\u0142a II 14\/138  61-139 Pozna\"><\/iframe><\/div>\t\t<\/div>\n\t\t\t\t<\/div>\n\t\t\t\t\t\t<\/div>\n\t\t\t<\/div>\n\t\t<\/div>\n\t\t\t\t\t\t<\/div>\n\t\t\t<\/div>\n\t\t<\/section>\n\t\t\t\t\t\t<\/div>\n\t\t\t<\/div>\n\t\t<\/div>\n\t\t","protected":false},"excerpt":{"rendered":"<p>Kancelaria Radcy Prawnego Rafa\u0142 Kowalczyk Plac Wolno\u015bci 18 61-739 Pozna\u0144 Tel. +48 501\u00a0310 488 biuro@kowalczykkancelaria.pl<\/p>\n","protected":false},"author":1,"featured_media":0,"parent":0,"menu_order":0,"comment_status":"closed","ping_status":"closed","template":"","meta":[],"_links":{"self":[{"href":"https:\/\/kowalczykkancelaria.pl\/index.php\/wp-json\/wp\/v2\/pages\/7"}],"collection":[{"href":"https:\/\/kowalczykkancelaria.pl\/index.php\/wp-json\/wp\/v2\/pages"}],"about":[{"href":"https:\/\/kowalczykkancelaria.pl\/index.php\/wp-json\/wp\/v2\/types\/page"}],"author":[{"embeddable":true,"href":"https:\/\/kowalczykkancelaria.pl\/index.php\/wp-json\/wp\/v2\/users\/1"}],"replies":[{"embeddable":true,"href":"https:\/\/kowalczykkancelaria.pl\/index.php\/wp-json\/wp\/v2\/comments?post=7"}],"version-history":[{"count":10,"href":"https:\/\/kowalczykkancelaria.pl\/index.php\/wp-json\/wp\/v2\/pages\/7\/revisions"}],"predecessor-version":[{"id":448,"href":"https:\/\/kowalczykkancelaria.pl\/index.php\/wp-json\/wp\/v2\/pages\/7\/revisions\/448"}],"wp:attachment":[{"href":"https:\/\/kowalczykkancelaria.pl\/index.php\/wp-json\/wp\/v2\/media?parent=7"}],"curies":[{"name":"wp","href":"https:\/\/api.w.org\/{rel}","templated":true}]}}