{"id":29,"date":"2019-12-06T09:32:59","date_gmt":"2019-12-06T09:32:59","guid":{"rendered":"http:\/\/kowalczykkancelaria.pl\/?page_id=29"},"modified":"2020-05-05T06:26:04","modified_gmt":"2020-05-05T06:26:04","slug":"sprawy-o-zaplate","status":"publish","type":"page","link":"https:\/\/kowalczykkancelaria.pl\/index.php\/sprawy-o-zaplate\/","title":{"rendered":"Windykacja nale\u017cno\u015bci"},"content":{"rendered":"\t\t<div data-elementor-type=\"wp-page\" data-elementor-id=\"29\" class=\"elementor elementor-29\" data-elementor-settings=\"[]\">\n\t\t\t<div class=\"elementor-inner\">\n\t\t\t\t<div class=\"elementor-section-wrap\">\n\t\t\t\t\t\t\t<section class=\"elementor-element elementor-element-16eb339 elementor-section-boxed elementor-section-height-default elementor-section-height-default elementor-section elementor-top-section\" data-id=\"16eb339\" data-element_type=\"section\">\n\t\t\t\t\t\t<div class=\"elementor-container elementor-column-gap-default\">\n\t\t\t\t<div class=\"elementor-row\">\n\t\t\t\t<div class=\"elementor-element elementor-element-3bf8144 elementor-column elementor-col-50 elementor-top-column\" data-id=\"3bf8144\" data-element_type=\"column\">\n\t\t\t<div class=\"elementor-column-wrap  elementor-element-populated\">\n\t\t\t\t\t<div class=\"elementor-widget-wrap\">\n\t\t\t\t<div class=\"elementor-element elementor-element-147d8dc elementor-widget elementor-widget-text-editor\" data-id=\"147d8dc\" data-element_type=\"widget\" data-widget_type=\"text-editor.default\">\n\t\t\t\t<div class=\"elementor-widget-container\">\n\t\t\t\t\t<div class=\"elementor-text-editor elementor-clearfix\"><p style=\"text-align: justify;\"> Kancelaria zajmuje si\u0119 odzyskiwaniem niezap\u0142aconych nale\u017cno\u015bci zar\u00f3wno od os\u00f3b, kt\u00f3re po\u017cyczy\u0142y pieni\u0119dzy, jak i z tytu\u0142u niewykonania zobowi\u0105zania lub nienale\u017cytego (wadliwego) wykonania zobowi\u0105zania. Posiadamy do\u015bwiadczenie w prowadzeniu spraw windykacyjnych na rzecz podmiot\u00f3w w imieniu, kt\u00f3rych uzyskali\u015bmy setki wyrok\u00f3w zas\u0105dzaj\u0105cych.<\/div>\n\t\t\t\t<\/div>\n\t\t\t\t<\/div>\n\t\t\t\t\t\t<\/div>\n\t\t\t<\/div>\n\t\t<\/div>\n\t\t\t\t<div class=\"elementor-element elementor-element-e6665fc elementor-column elementor-col-50 elementor-top-column\" data-id=\"e6665fc\" data-element_type=\"column\">\n\t\t\t<div class=\"elementor-column-wrap  elementor-element-populated\">\n\t\t\t\t\t<div class=\"elementor-widget-wrap\">\n\t\t\t\t<div class=\"elementor-element elementor-element-9a78757 elementor-widget elementor-widget-image\" data-id=\"9a78757\" data-element_type=\"widget\" data-widget_type=\"image.default\">\n\t\t\t\t<div class=\"elementor-widget-container\">\n\t\t\t\t\t<div class=\"elementor-image\">\n\t\t\t\t\t\t\t\t\t\t<img width=\"380\" height=\"254\" src=\"https:\/\/kowalczykkancelaria.pl\/wp-content\/uploads\/2019\/12\/odzyskaj-nale\u017cno\u015bci-polubownie-1.jpg\" class=\"attachment-medium_large size-medium_large\" alt=\"\" loading=\"lazy\" srcset=\"https:\/\/kowalczykkancelaria.pl\/wp-content\/uploads\/2019\/12\/odzyskaj-nale\u017cno\u015bci-polubownie-1.jpg 380w, https:\/\/kowalczykkancelaria.pl\/wp-content\/uploads\/2019\/12\/odzyskaj-nale\u017cno\u015bci-polubownie-1-300x201.jpg 300w\" sizes=\"(max-width: 380px) 100vw, 380px\" \/>\t\t\t\t\t\t\t\t\t\t\t<\/div>\n\t\t\t\t<\/div>\n\t\t\t\t<\/div>\n\t\t\t\t\t\t<\/div>\n\t\t\t<\/div>\n\t\t<\/div>\n\t\t\t\t\t\t<\/div>\n\t\t\t<\/div>\n\t\t<\/section>\n\t\t\t\t\t\t<\/div>\n\t\t\t<\/div>\n\t\t<\/div>\n\t\t","protected":false},"excerpt":{"rendered":"<p>Kancelaria zajmuje si\u0119 odzyskiwaniem niezap\u0142aconych nale\u017cno\u015bci zar\u00f3wno od os\u00f3b, kt\u00f3re po\u017cyczy\u0142y pieni\u0119dzy, jak i z tytu\u0142u niewykonania zobowi\u0105zania lub nienale\u017cytego (wadliwego) wykonania zobowi\u0105zania. Posiadamy do\u015bwiadczenie w prowadzeniu spraw windykacyjnych na rzecz podmiot\u00f3w w imieniu, kt\u00f3rych uzyskali\u015bmy setki wyrok\u00f3w zas\u0105dzaj\u0105cych.<\/p>\n","protected":false},"author":1,"featured_media":0,"parent":0,"menu_order":0,"comment_status":"closed","ping_status":"closed","template":"","meta":[],"_links":{"self":[{"href":"https:\/\/kowalczykkancelaria.pl\/index.php\/wp-json\/wp\/v2\/pages\/29"}],"collection":[{"href":"https:\/\/kowalczykkancelaria.pl\/index.php\/wp-json\/wp\/v2\/pages"}],"about":[{"href":"https:\/\/kowalczykkancelaria.pl\/index.php\/wp-json\/wp\/v2\/types\/page"}],"author":[{"embeddable":true,"href":"https:\/\/kowalczykkancelaria.pl\/index.php\/wp-json\/wp\/v2\/users\/1"}],"replies":[{"embeddable":true,"href":"https:\/\/kowalczykkancelaria.pl\/index.php\/wp-json\/wp\/v2\/comments?post=29"}],"version-history":[{"count":7,"href":"https:\/\/kowalczykkancelaria.pl\/index.php\/wp-json\/wp\/v2\/pages\/29\/revisions"}],"predecessor-version":[{"id":387,"href":"https:\/\/kowalczykkancelaria.pl\/index.php\/wp-json\/wp\/v2\/pages\/29\/revisions\/387"}],"wp:attachment":[{"href":"https:\/\/kowalczykkancelaria.pl\/index.php\/wp-json\/wp\/v2\/media?parent=29"}],"curies":[{"name":"wp","href":"https:\/\/api.w.org\/{rel}","templated":true}]}}