{"id":23,"date":"2019-12-06T09:31:42","date_gmt":"2019-12-06T09:31:42","guid":{"rendered":"http:\/\/kowalczykkancelaria.pl\/?page_id=23"},"modified":"2020-05-05T05:46:05","modified_gmt":"2020-05-05T05:46:05","slug":"regulowanie-stanow-prawnych-nieruchomosci","status":"publish","type":"page","link":"https:\/\/kowalczykkancelaria.pl\/index.php\/regulowanie-stanow-prawnych-nieruchomosci\/","title":{"rendered":"Prawo nieruchomo\u015bci"},"content":{"rendered":"\t\t<div data-elementor-type=\"wp-page\" data-elementor-id=\"23\" class=\"elementor elementor-23\" data-elementor-settings=\"[]\">\n\t\t\t<div class=\"elementor-inner\">\n\t\t\t\t<div class=\"elementor-section-wrap\">\n\t\t\t\t\t\t\t<section class=\"elementor-element elementor-element-5549d10 elementor-section-boxed elementor-section-height-default elementor-section-height-default elementor-section elementor-top-section\" data-id=\"5549d10\" data-element_type=\"section\">\n\t\t\t\t\t\t<div class=\"elementor-container elementor-column-gap-default\">\n\t\t\t\t<div class=\"elementor-row\">\n\t\t\t\t<div class=\"elementor-element elementor-element-69eb03a elementor-column elementor-col-100 elementor-top-column\" data-id=\"69eb03a\" data-element_type=\"column\">\n\t\t\t<div class=\"elementor-column-wrap  elementor-element-populated\">\n\t\t\t\t\t<div class=\"elementor-widget-wrap\">\n\t\t\t\t<div class=\"elementor-element elementor-element-cbd9dbe elementor-widget elementor-widget-text-editor\" data-id=\"cbd9dbe\" data-element_type=\"widget\" data-widget_type=\"text-editor.default\">\n\t\t\t\t<div class=\"elementor-widget-container\">\n\t\t\t\t\t<div class=\"elementor-text-editor elementor-clearfix\"><p><strong>Nieruchomo\u015bci<\/strong><\/p><\/div>\n\t\t\t\t<\/div>\n\t\t\t\t<\/div>\n\t\t\t\t\t\t<\/div>\n\t\t\t<\/div>\n\t\t<\/div>\n\t\t\t\t\t\t<\/div>\n\t\t\t<\/div>\n\t\t<\/section>\n\t\t\t\t<section class=\"elementor-element elementor-element-e3c0604 elementor-section-boxed elementor-section-height-default elementor-section-height-default elementor-section elementor-top-section\" data-id=\"e3c0604\" data-element_type=\"section\">\n\t\t\t\t\t\t<div class=\"elementor-container elementor-column-gap-default\">\n\t\t\t\t<div class=\"elementor-row\">\n\t\t\t\t<div class=\"elementor-element elementor-element-25686d6 elementor-column elementor-col-50 elementor-top-column\" data-id=\"25686d6\" data-element_type=\"column\">\n\t\t\t<div class=\"elementor-column-wrap  elementor-element-populated\">\n\t\t\t\t\t<div class=\"elementor-widget-wrap\">\n\t\t\t\t<div class=\"elementor-element elementor-element-9b55f53 elementor-widget elementor-widget-text-editor\" data-id=\"9b55f53\" data-element_type=\"widget\" data-widget_type=\"text-editor.default\">\n\t\t\t\t<div class=\"elementor-widget-container\">\n\t\t\t\t\t<div class=\"elementor-text-editor elementor-clearfix\"><p style=\"text-align: justify;\">Kancelaria zajmuje si\u0119 sprawami najmu lokali, uzyskiwaniem pozwole\u0144 na budow\u0119, odszkodowaniami za zaj\u0119cie nieruchomo\u015bci i innymi zwi\u0105zanymi z nieruchomo\u015bciami.<\/div>\n\t\t\t\t<\/div>\n\t\t\t\t<\/div>\n\t\t\t\t\t\t<\/div>\n\t\t\t<\/div>\n\t\t<\/div>\n\t\t\t\t<div class=\"elementor-element elementor-element-e1b8364 elementor-column elementor-col-50 elementor-top-column\" data-id=\"e1b8364\" data-element_type=\"column\">\n\t\t\t<div class=\"elementor-column-wrap  elementor-element-populated\">\n\t\t\t\t\t<div class=\"elementor-widget-wrap\">\n\t\t\t\t\t\t<\/div>\n\t\t\t<\/div>\n\t\t<\/div>\n\t\t\t\t\t\t<\/div>\n\t\t\t<\/div>\n\t\t<\/section>\n\t\t\t\t<section class=\"elementor-element elementor-element-67d4644 elementor-section-boxed elementor-section-height-default elementor-section-height-default elementor-section elementor-top-section\" data-id=\"67d4644\" data-element_type=\"section\">\n\t\t\t\t\t\t<div class=\"elementor-container elementor-column-gap-default\">\n\t\t\t\t<div class=\"elementor-row\">\n\t\t\t\t<div class=\"elementor-element elementor-element-f17ca63 elementor-column elementor-col-100 elementor-top-column\" data-id=\"f17ca63\" data-element_type=\"column\">\n\t\t\t<div class=\"elementor-column-wrap  elementor-element-populated\">\n\t\t\t\t\t<div class=\"elementor-widget-wrap\">\n\t\t\t\t<div class=\"elementor-element elementor-element-39631ea elementor-widget elementor-widget-text-editor\" data-id=\"39631ea\" data-element_type=\"widget\" data-widget_type=\"text-editor.default\">\n\t\t\t\t<div class=\"elementor-widget-container\">\n\t\t\t\t\t<div class=\"elementor-text-editor elementor-clearfix\"><p><strong>Najem lokalu<\/strong><\/p><\/div>\n\t\t\t\t<\/div>\n\t\t\t\t<\/div>\n\t\t\t\t\t\t<\/div>\n\t\t\t<\/div>\n\t\t<\/div>\n\t\t\t\t\t\t<\/div>\n\t\t\t<\/div>\n\t\t<\/section>\n\t\t\t\t<section class=\"elementor-element elementor-element-894221a elementor-section-boxed elementor-section-height-default elementor-section-height-default elementor-section elementor-top-section\" data-id=\"894221a\" data-element_type=\"section\">\n\t\t\t\t\t\t<div class=\"elementor-container elementor-column-gap-default\">\n\t\t\t\t<div class=\"elementor-row\">\n\t\t\t\t<div class=\"elementor-element elementor-element-bddb325 elementor-column elementor-col-50 elementor-top-column\" data-id=\"bddb325\" data-element_type=\"column\">\n\t\t\t<div class=\"elementor-column-wrap  elementor-element-populated\">\n\t\t\t\t\t<div class=\"elementor-widget-wrap\">\n\t\t\t\t<div class=\"elementor-element elementor-element-74e6378 elementor-widget elementor-widget-text-editor\" data-id=\"74e6378\" data-element_type=\"widget\" data-widget_type=\"text-editor.default\">\n\t\t\t\t<div class=\"elementor-widget-container\">\n\t\t\t\t\t<div class=\"elementor-text-editor elementor-clearfix\"><p style=\"text-align: justify;\">Kancelaria zajmuje si\u0119 wszystkimi sprawami zwi\u0105zanymi z najmem lokali zar\u00f3wno mieszkalnych, jak i\u00a0u\u017cytkowych. Reprezentacja klienta obejmuje sprawy od przygotowania umowy najmu, dochodzenie zap\u0142aty czynszu najmu, odzyskiwaniem nies\u0142usznie pobranej kaucji zabezpieczaj\u0105cej po eksmisj\u0119 w\u0142\u0105cznie.<\/div>\n\t\t\t\t<\/div>\n\t\t\t\t<\/div>\n\t\t\t\t\t\t<\/div>\n\t\t\t<\/div>\n\t\t<\/div>\n\t\t\t\t<div class=\"elementor-element elementor-element-e652547 elementor-column elementor-col-50 elementor-top-column\" data-id=\"e652547\" data-element_type=\"column\">\n\t\t\t<div class=\"elementor-column-wrap  elementor-element-populated\">\n\t\t\t\t\t<div class=\"elementor-widget-wrap\">\n\t\t\t\t<div class=\"elementor-element elementor-element-71570d3 elementor-widget elementor-widget-image\" data-id=\"71570d3\" data-element_type=\"widget\" data-widget_type=\"image.default\">\n\t\t\t\t<div class=\"elementor-widget-container\">\n\t\t\t\t\t<div class=\"elementor-image\">\n\t\t\t\t\t\t\t\t\t\t<img width=\"300\" height=\"180\" src=\"https:\/\/kowalczykkancelaria.pl\/wp-content\/uploads\/2019\/12\/un-800x480-300x180.jpg\" class=\"attachment-medium size-medium\" alt=\"\" loading=\"lazy\" srcset=\"https:\/\/kowalczykkancelaria.pl\/wp-content\/uploads\/2019\/12\/un-800x480-300x180.jpg 300w, https:\/\/kowalczykkancelaria.pl\/wp-content\/uploads\/2019\/12\/un-800x480-768x461.jpg 768w, https:\/\/kowalczykkancelaria.pl\/wp-content\/uploads\/2019\/12\/un-800x480-624x374.jpg 624w, https:\/\/kowalczykkancelaria.pl\/wp-content\/uploads\/2019\/12\/un-800x480.jpg 800w\" sizes=\"(max-width: 300px) 100vw, 300px\" \/>\t\t\t\t\t\t\t\t\t\t\t<\/div>\n\t\t\t\t<\/div>\n\t\t\t\t<\/div>\n\t\t\t\t\t\t<\/div>\n\t\t\t<\/div>\n\t\t<\/div>\n\t\t\t\t\t\t<\/div>\n\t\t\t<\/div>\n\t\t<\/section>\n\t\t\t\t<section class=\"elementor-element elementor-element-63f0753 elementor-section-boxed elementor-section-height-default elementor-section-height-default elementor-section elementor-top-section\" data-id=\"63f0753\" data-element_type=\"section\">\n\t\t\t\t\t\t<div class=\"elementor-container elementor-column-gap-default\">\n\t\t\t\t<div class=\"elementor-row\">\n\t\t\t\t<div class=\"elementor-element elementor-element-41d87f2 elementor-column elementor-col-100 elementor-top-column\" data-id=\"41d87f2\" data-element_type=\"column\">\n\t\t\t<div class=\"elementor-column-wrap  elementor-element-populated\">\n\t\t\t\t\t<div class=\"elementor-widget-wrap\">\n\t\t\t\t<div class=\"elementor-element elementor-element-c093a98 elementor-widget elementor-widget-text-editor\" data-id=\"c093a98\" data-element_type=\"widget\" data-widget_type=\"text-editor.default\">\n\t\t\t\t<div class=\"elementor-widget-container\">\n\t\t\t\t\t<div class=\"elementor-text-editor elementor-clearfix\"><p><strong>S\u0142u\u017cebno\u015bci<\/strong><\/p><\/div>\n\t\t\t\t<\/div>\n\t\t\t\t<\/div>\n\t\t\t\t\t\t<\/div>\n\t\t\t<\/div>\n\t\t<\/div>\n\t\t\t\t\t\t<\/div>\n\t\t\t<\/div>\n\t\t<\/section>\n\t\t\t\t<section class=\"elementor-element elementor-element-10bec60 elementor-section-boxed elementor-section-height-default elementor-section-height-default elementor-section elementor-top-section\" data-id=\"10bec60\" data-element_type=\"section\">\n\t\t\t\t\t\t<div class=\"elementor-container elementor-column-gap-default\">\n\t\t\t\t<div class=\"elementor-row\">\n\t\t\t\t<div class=\"elementor-element elementor-element-03470e4 elementor-column elementor-col-50 elementor-top-column\" data-id=\"03470e4\" data-element_type=\"column\">\n\t\t\t<div class=\"elementor-column-wrap  elementor-element-populated\">\n\t\t\t\t\t<div class=\"elementor-widget-wrap\">\n\t\t\t\t<div class=\"elementor-element elementor-element-a2f4f4e elementor-widget elementor-widget-text-editor\" data-id=\"a2f4f4e\" data-element_type=\"widget\" data-widget_type=\"text-editor.default\">\n\t\t\t\t<div class=\"elementor-widget-container\">\n\t\t\t\t\t<div class=\"elementor-text-editor elementor-clearfix\"><p style=\"text-align: justify;\">Kancelaria zajmuje si\u0119 sprawami ustanowienia s\u0142u\u017cebno\u015bci gruntowych, sprawami zniesienia wsp\u00f3\u0142w\u0142asno\u015bci, dziedziczenia nieruchomo\u015bci, sprawami zwi\u0105zanymi z d\u0142ugami spadkowymi. Pomagamy r\u00f3wnie\u017c uzyska\u0107 zap\u0142at\u0119 za bezumowne korzystanie z nieruchomo\u015bci i\u00a0ustanowienie s\u0142u\u017cebno\u015bci przesy\u0142u od przedsi\u0119biorstw elektroenergetycznych, wodnych, gazowych, telekomunikacyjnych.<\/div>\n\t\t\t\t<\/div>\n\t\t\t\t<\/div>\n\t\t\t\t\t\t<\/div>\n\t\t\t<\/div>\n\t\t<\/div>\n\t\t\t\t<div class=\"elementor-element elementor-element-14b244e elementor-column elementor-col-50 elementor-top-column\" data-id=\"14b244e\" data-element_type=\"column\">\n\t\t\t<div class=\"elementor-column-wrap  elementor-element-populated\">\n\t\t\t\t\t<div class=\"elementor-widget-wrap\">\n\t\t\t\t<div class=\"elementor-element elementor-element-f391f52 elementor-widget elementor-widget-image\" data-id=\"f391f52\" data-element_type=\"widget\" data-widget_type=\"image.default\">\n\t\t\t\t<div class=\"elementor-widget-container\">\n\t\t\t\t\t<div class=\"elementor-image\">\n\t\t\t\t\t\t\t\t\t\t<img width=\"300\" height=\"169\" src=\"https:\/\/kowalczykkancelaria.pl\/wp-content\/uploads\/2019\/12\/IMG_20190921_174507-300x169.jpg\" class=\"attachment-medium size-medium\" alt=\"\" loading=\"lazy\" srcset=\"https:\/\/kowalczykkancelaria.pl\/wp-content\/uploads\/2019\/12\/IMG_20190921_174507-300x169.jpg 300w, https:\/\/kowalczykkancelaria.pl\/wp-content\/uploads\/2019\/12\/IMG_20190921_174507-768x432.jpg 768w, https:\/\/kowalczykkancelaria.pl\/wp-content\/uploads\/2019\/12\/IMG_20190921_174507-1024x576.jpg 1024w, https:\/\/kowalczykkancelaria.pl\/wp-content\/uploads\/2019\/12\/IMG_20190921_174507-624x351.jpg 624w\" sizes=\"(max-width: 300px) 100vw, 300px\" \/>\t\t\t\t\t\t\t\t\t\t\t<\/div>\n\t\t\t\t<\/div>\n\t\t\t\t<\/div>\n\t\t\t\t\t\t<\/div>\n\t\t\t<\/div>\n\t\t<\/div>\n\t\t\t\t\t\t<\/div>\n\t\t\t<\/div>\n\t\t<\/section>\n\t\t\t\t<section class=\"elementor-element elementor-element-1e78c5b elementor-section-boxed elementor-section-height-default elementor-section-height-default elementor-section elementor-top-section\" data-id=\"1e78c5b\" data-element_type=\"section\">\n\t\t\t\t\t\t<div class=\"elementor-container elementor-column-gap-default\">\n\t\t\t\t<div class=\"elementor-row\">\n\t\t\t\t<div class=\"elementor-element elementor-element-53a8b63 elementor-column elementor-col-100 elementor-top-column\" data-id=\"53a8b63\" data-element_type=\"column\">\n\t\t\t<div class=\"elementor-column-wrap  elementor-element-populated\">\n\t\t\t\t\t<div class=\"elementor-widget-wrap\">\n\t\t\t\t<div class=\"elementor-element elementor-element-ecf2174 elementor-widget elementor-widget-text-editor\" data-id=\"ecf2174\" data-element_type=\"widget\" data-widget_type=\"text-editor.default\">\n\t\t\t\t<div class=\"elementor-widget-container\">\n\t\t\t\t\t<div class=\"elementor-text-editor elementor-clearfix\"><p><strong>Regulowanie stan\u00f3w prawnych nieruchomo\u015bci<\/strong><\/p><\/div>\n\t\t\t\t<\/div>\n\t\t\t\t<\/div>\n\t\t\t\t\t\t<\/div>\n\t\t\t<\/div>\n\t\t<\/div>\n\t\t\t\t\t\t<\/div>\n\t\t\t<\/div>\n\t\t<\/section>\n\t\t\t\t<section class=\"elementor-element elementor-element-ebc2c93 elementor-section-boxed elementor-section-height-default elementor-section-height-default elementor-section elementor-top-section\" data-id=\"ebc2c93\" data-element_type=\"section\">\n\t\t\t\t\t\t<div class=\"elementor-container elementor-column-gap-default\">\n\t\t\t\t<div class=\"elementor-row\">\n\t\t\t\t<div class=\"elementor-element elementor-element-29d3bfb elementor-column elementor-col-50 elementor-top-column\" data-id=\"29d3bfb\" data-element_type=\"column\">\n\t\t\t<div class=\"elementor-column-wrap  elementor-element-populated\">\n\t\t\t\t\t<div class=\"elementor-widget-wrap\">\n\t\t\t\t<div class=\"elementor-element elementor-element-a72d108 elementor-widget elementor-widget-text-editor\" data-id=\"a72d108\" data-element_type=\"widget\" data-widget_type=\"text-editor.default\">\n\t\t\t\t<div class=\"elementor-widget-container\">\n\t\t\t\t\t<div class=\"elementor-text-editor elementor-clearfix\"><p style=\"text-align: justify;\">Kancelaria pomaga w uregulowaniu stanu prawnego nieruchomo\u015bci. W sk\u0142ad us\u0142ug z tego obszaru dzia\u0142ania wchodzi prowadzenie spraw w celu sprostowanie niezgodno\u015bci ksi\u0119gi wieczystej z rzeczywistym stanem prawnym. Ponadto badanie stanu prawnego nieruchomo\u015bci, sprawdzanie miejscowych plan\u00f3w zagospodarowania przestrzennego, uzyskiwanie pozwole\u0144 na budow\u0119, jak i warunk\u00f3w zabudowy.<\/div>\n\t\t\t\t<\/div>\n\t\t\t\t<\/div>\n\t\t\t\t\t\t<\/div>\n\t\t\t<\/div>\n\t\t<\/div>\n\t\t\t\t<div class=\"elementor-element elementor-element-cd41301 elementor-column elementor-col-50 elementor-top-column\" data-id=\"cd41301\" data-element_type=\"column\">\n\t\t\t<div class=\"elementor-column-wrap  elementor-element-populated\">\n\t\t\t\t\t<div class=\"elementor-widget-wrap\">\n\t\t\t\t<div class=\"elementor-element elementor-element-5b2a262 elementor-widget elementor-widget-image\" data-id=\"5b2a262\" data-element_type=\"widget\" data-widget_type=\"image.default\">\n\t\t\t\t<div class=\"elementor-widget-container\">\n\t\t\t\t\t<div class=\"elementor-image\">\n\t\t\t\t\t\t\t\t\t\t<img width=\"300\" height=\"200\" src=\"https:\/\/kowalczykkancelaria.pl\/wp-content\/uploads\/2019\/12\/Sprawdzanie-i-regulowanie-stanu-prawnego-nieruchomo\u015bci1-300x200.jpg\" class=\"attachment-medium size-medium\" alt=\"\" loading=\"lazy\" srcset=\"https:\/\/kowalczykkancelaria.pl\/wp-content\/uploads\/2019\/12\/Sprawdzanie-i-regulowanie-stanu-prawnego-nieruchomo\u015bci1-300x200.jpg 300w, https:\/\/kowalczykkancelaria.pl\/wp-content\/uploads\/2019\/12\/Sprawdzanie-i-regulowanie-stanu-prawnego-nieruchomo\u015bci1-624x416.jpg 624w, https:\/\/kowalczykkancelaria.pl\/wp-content\/uploads\/2019\/12\/Sprawdzanie-i-regulowanie-stanu-prawnego-nieruchomo\u015bci1.jpg 709w\" sizes=\"(max-width: 300px) 100vw, 300px\" \/>\t\t\t\t\t\t\t\t\t\t\t<\/div>\n\t\t\t\t<\/div>\n\t\t\t\t<\/div>\n\t\t\t\t\t\t<\/div>\n\t\t\t<\/div>\n\t\t<\/div>\n\t\t\t\t\t\t<\/div>\n\t\t\t<\/div>\n\t\t<\/section>\n\t\t\t\t<section class=\"elementor-element elementor-element-e27bcbb elementor-section-boxed elementor-section-height-default elementor-section-height-default elementor-section elementor-top-section\" data-id=\"e27bcbb\" data-element_type=\"section\">\n\t\t\t\t\t\t<div class=\"elementor-container elementor-column-gap-default\">\n\t\t\t\t<div class=\"elementor-row\">\n\t\t\t\t<div class=\"elementor-element elementor-element-9380574 elementor-column elementor-col-100 elementor-top-column\" data-id=\"9380574\" data-element_type=\"column\">\n\t\t\t<div class=\"elementor-column-wrap  elementor-element-populated\">\n\t\t\t\t\t<div class=\"elementor-widget-wrap\">\n\t\t\t\t<div class=\"elementor-element elementor-element-af8d548 elementor-widget elementor-widget-text-editor\" data-id=\"af8d548\" data-element_type=\"widget\" data-widget_type=\"text-editor.default\">\n\t\t\t\t<div class=\"elementor-widget-container\">\n\t\t\t\t\t<div class=\"elementor-text-editor elementor-clearfix\"><p><strong>Mienie zabu\u017ca\u0144skie<\/strong><\/p><\/div>\n\t\t\t\t<\/div>\n\t\t\t\t<\/div>\n\t\t\t\t\t\t<\/div>\n\t\t\t<\/div>\n\t\t<\/div>\n\t\t\t\t\t\t<\/div>\n\t\t\t<\/div>\n\t\t<\/section>\n\t\t\t\t<section class=\"elementor-element elementor-element-8d1704b elementor-section-boxed elementor-section-height-default elementor-section-height-default elementor-section elementor-top-section\" data-id=\"8d1704b\" data-element_type=\"section\">\n\t\t\t\t\t\t<div class=\"elementor-container elementor-column-gap-default\">\n\t\t\t\t<div class=\"elementor-row\">\n\t\t\t\t<div class=\"elementor-element elementor-element-b2364b8 elementor-column elementor-col-50 elementor-top-column\" data-id=\"b2364b8\" data-element_type=\"column\">\n\t\t\t<div class=\"elementor-column-wrap  elementor-element-populated\">\n\t\t\t\t\t<div class=\"elementor-widget-wrap\">\n\t\t\t\t<div class=\"elementor-element elementor-element-23e2bc0 elementor-widget elementor-widget-text-editor\" data-id=\"23e2bc0\" data-element_type=\"widget\" data-widget_type=\"text-editor.default\">\n\t\t\t\t<div class=\"elementor-widget-container\">\n\t\t\t\t\t<div class=\"elementor-text-editor elementor-clearfix\"><p style=\"text-align: justify;\">Prowadzimy r\u00f3wnie\u017c sprawy zwi\u0105zane z dochodzeniem rekompensaty za nieruchomo\u015bci pozostawione poza obecnymi granicami Rzeczypospolitej Polskiej w wyniku wyp\u0119dzenia z\u00a0by\u0142ego terytorium Rzeczypospolitej Polskiej lub jego opuszczenia w zwi\u0105zku z wojn\u0105 rozpocz\u0119t\u0105 w 1939 roku.<\/p><\/div>\n\t\t\t\t<\/div>\n\t\t\t\t<\/div>\n\t\t\t\t\t\t<\/div>\n\t\t\t<\/div>\n\t\t<\/div>\n\t\t\t\t<div class=\"elementor-element elementor-element-65ef286 elementor-column elementor-col-50 elementor-top-column\" data-id=\"65ef286\" data-element_type=\"column\">\n\t\t\t<div class=\"elementor-column-wrap  elementor-element-populated\">\n\t\t\t\t\t<div class=\"elementor-widget-wrap\">\n\t\t\t\t<div class=\"elementor-element elementor-element-db5764a elementor-widget elementor-widget-image\" data-id=\"db5764a\" data-element_type=\"widget\" data-widget_type=\"image.default\">\n\t\t\t\t<div class=\"elementor-widget-container\">\n\t\t\t\t\t<div class=\"elementor-image\">\n\t\t\t\t\t\t\t\t\t\t<img src=\"http:\/\/kowalczykkancelaria.pl\/wp-content\/uploads\/2019\/12\/minie-1.jpg\" title=\"\" alt=\"\" \/>\t\t\t\t\t\t\t\t\t\t\t<\/div>\n\t\t\t\t<\/div>\n\t\t\t\t<\/div>\n\t\t\t\t\t\t<\/div>\n\t\t\t<\/div>\n\t\t<\/div>\n\t\t\t\t\t\t<\/div>\n\t\t\t<\/div>\n\t\t<\/section>\n\t\t\t\t\t\t<\/div>\n\t\t\t<\/div>\n\t\t<\/div>\n\t\t","protected":false},"excerpt":{"rendered":"<p>Nieruchomo\u015bci Kancelaria zajmuje si\u0119 sprawami najmu lokali, uzyskiwaniem pozwole\u0144 na budow\u0119, odszkodowaniami za zaj\u0119cie nieruchomo\u015bci i innymi zwi\u0105zanymi z nieruchomo\u015bciami. Najem lokalu Kancelaria zajmuje si\u0119 wszystkimi sprawami zwi\u0105zanymi z najmem lokali zar\u00f3wno mieszkalnych, jak i&nbsp;u\u017cytkowych. Reprezentacja klienta obejmuje sprawy od przygotowania umowy najmu, dochodzenie zap\u0142aty czynszu najmu, odzyskiwaniem nies\u0142usznie pobranej kaucji zabezpieczaj\u0105cej po eksmisj\u0119 w\u0142\u0105cznie. [&hellip;]<\/p>\n","protected":false},"author":1,"featured_media":244,"parent":0,"menu_order":0,"comment_status":"closed","ping_status":"closed","template":"","meta":[],"_links":{"self":[{"href":"https:\/\/kowalczykkancelaria.pl\/index.php\/wp-json\/wp\/v2\/pages\/23"}],"collection":[{"href":"https:\/\/kowalczykkancelaria.pl\/index.php\/wp-json\/wp\/v2\/pages"}],"about":[{"href":"https:\/\/kowalczykkancelaria.pl\/index.php\/wp-json\/wp\/v2\/types\/page"}],"author":[{"embeddable":true,"href":"https:\/\/kowalczykkancelaria.pl\/index.php\/wp-json\/wp\/v2\/users\/1"}],"replies":[{"embeddable":true,"href":"https:\/\/kowalczykkancelaria.pl\/index.php\/wp-json\/wp\/v2\/comments?post=23"}],"version-history":[{"count":15,"href":"https:\/\/kowalczykkancelaria.pl\/index.php\/wp-json\/wp\/v2\/pages\/23\/revisions"}],"predecessor-version":[{"id":375,"href":"https:\/\/kowalczykkancelaria.pl\/index.php\/wp-json\/wp\/v2\/pages\/23\/revisions\/375"}],"wp:featuredmedia":[{"embeddable":true,"href":"https:\/\/kowalczykkancelaria.pl\/index.php\/wp-json\/wp\/v2\/media\/244"}],"wp:attachment":[{"href":"https:\/\/kowalczykkancelaria.pl\/index.php\/wp-json\/wp\/v2\/media?parent=23"}],"curies":[{"name":"wp","href":"https:\/\/api.w.org\/{rel}","templated":true}]}}