{"id":11,"date":"2019-12-06T09:21:42","date_gmt":"2019-12-06T09:21:42","guid":{"rendered":"http:\/\/kowalczykkancelaria.pl\/?page_id=11"},"modified":"2020-05-12T11:03:37","modified_gmt":"2020-05-12T11:03:37","slug":"str-glowna","status":"publish","type":"page","link":"https:\/\/kowalczykkancelaria.pl\/","title":{"rendered":"Home"},"content":{"rendered":"<h5 style=\"text-align: left;\"><strong><em><i>In dubiis benigniora<\/i><\/em><\/strong><\/h5>\n<h5 style=\"text-align: left;\"><strong><em>W sytuacjach dwuznacznych nale\u017cy przyj\u0105\u0107 pogl\u0105d bardziej korzystny dla stron<\/em><\/strong><\/h5>\n<p style=\"text-align: justify;\">Kancelaria radcy prawnego\u00a0Rafa\u0142a Kowalczyka powsta\u0142a po to, \u017ceby\u00a0\u015bwiadczy\u0107 profesjonaln\u0105 obs\u0142ug\u0119 prawn\u0105 zar\u00f3wno dla os\u00f3b fizycznych jak i podmiot\u00f3w gospodarczych.<\/p>\n<p style=\"text-align: justify;\">Celem dzia\u0142a\u0144 kancelarii jest uzyskanie dla klient\u00f3w tego co zosta\u0142o im przez prawo zagwarantowane, a czego nie mog\u0105 samodzielnie wyegzekwowa\u0107.<\/p>\n<p style=\"text-align: justify;\">Kancelaria jest otwarta na ludzi, zawsze staramy ws\u0142uchiwa\u0107 si\u0119 w oczekiwania oraz potrzeby klienta, nasz\u0105 dewiz\u0105 jest uczciwo\u015b\u0107, rzetelno\u015b\u0107, zaanga\u017cowanie oraz zastosowanie rozwi\u0105za\u0144 prawnych maksymalnie korzystnych dla klienta.<\/p>\n<p>Rafa\u0142 Kowalczyk radca prawny<\/p>\n<p><img loading=\"lazy\" src=\"http:\/\/kowalczykkancelaria.pl\/wp-content\/uploads\/2019\/12\/Bez-tytu\u0142u0-360x257.png\" sizes=\"(max-width: 360px) 100vw, 360px\" srcset=\"http:\/\/kowalczykkancelaria.pl\/wp-content\/uploads\/2019\/12\/Bez-tytu\u0142u0-360x257.png 360w, http:\/\/kowalczykkancelaria.pl\/wp-content\/uploads\/2019\/12\/Bez-tytu\u0142u0-100x70.png 100w\" alt=\"\" width=\"360\" height=\"257\" \/><\/p>\n","protected":false},"excerpt":{"rendered":"<p>In dubiis benigniora W sytuacjach dwuznacznych nale\u017cy przyj\u0105\u0107 pogl\u0105d bardziej korzystny dla stron Kancelaria radcy prawnego\u00a0Rafa\u0142a Kowalczyka powsta\u0142a po to, \u017ceby\u00a0\u015bwiadczy\u0107 profesjonaln\u0105 obs\u0142ug\u0119 prawn\u0105 zar\u00f3wno dla os\u00f3b fizycznych jak i podmiot\u00f3w gospodarczych. Celem dzia\u0142a\u0144 kancelarii jest uzyskanie dla klient\u00f3w tego co zosta\u0142o im przez prawo zagwarantowane, a czego nie mog\u0105 samodzielnie wyegzekwowa\u0107. Kancelaria jest otwarta [&hellip;]<\/p>\n","protected":false},"author":1,"featured_media":0,"parent":0,"menu_order":0,"comment_status":"closed","ping_status":"closed","template":"","meta":[],"_links":{"self":[{"href":"https:\/\/kowalczykkancelaria.pl\/index.php\/wp-json\/wp\/v2\/pages\/11"}],"collection":[{"href":"https:\/\/kowalczykkancelaria.pl\/index.php\/wp-json\/wp\/v2\/pages"}],"about":[{"href":"https:\/\/kowalczykkancelaria.pl\/index.php\/wp-json\/wp\/v2\/types\/page"}],"author":[{"embeddable":true,"href":"https:\/\/kowalczykkancelaria.pl\/index.php\/wp-json\/wp\/v2\/users\/1"}],"replies":[{"embeddable":true,"href":"https:\/\/kowalczykkancelaria.pl\/index.php\/wp-json\/wp\/v2\/comments?post=11"}],"version-history":[{"count":27,"href":"https:\/\/kowalczykkancelaria.pl\/index.php\/wp-json\/wp\/v2\/pages\/11\/revisions"}],"predecessor-version":[{"id":405,"href":"https:\/\/kowalczykkancelaria.pl\/index.php\/wp-json\/wp\/v2\/pages\/11\/revisions\/405"}],"wp:attachment":[{"href":"https:\/\/kowalczykkancelaria.pl\/index.php\/wp-json\/wp\/v2\/media?parent=11"}],"curies":[{"name":"wp","href":"https:\/\/api.w.org\/{rel}","templated":true}]}}